{"id":70,"date":"2019-11-01T20:45:28","date_gmt":"2019-11-01T19:45:28","guid":{"rendered":"http:\/\/stadt-adventskalender.de\/rixdorf\/?page_id=70"},"modified":"2019-12-12T22:50:17","modified_gmt":"2019-12-12T21:50:17","slug":"das-boehmische-dorf","status":"publish","type":"page","link":"https:\/\/stadt-adventskalender.de\/rixdorf\/das-boehmische-dorf\/","title":{"rendered":"Das B\u00f6hmische Dorf"},"content":{"rendered":"<p><img loading=\"lazy\" decoding=\"async\" class=\"alignnone wp-image-64 size-full\" src=\"https:\/\/stadt-adventskalender.de\/rixdorf\/wp-content\/uploads\/sites\/14\/2019\/09\/AK-rixdorf-1000px-schatten-1.png\" alt=\"\" width=\"1000\" height=\"500\" srcset=\"https:\/\/stadt-adventskalender.de\/rixdorf\/wp-content\/uploads\/sites\/14\/2019\/09\/AK-rixdorf-1000px-schatten-1.png 1000w, https:\/\/stadt-adventskalender.de\/rixdorf\/wp-content\/uploads\/sites\/14\/2019\/09\/AK-rixdorf-1000px-schatten-1-300x150.png 300w, https:\/\/stadt-adventskalender.de\/rixdorf\/wp-content\/uploads\/sites\/14\/2019\/09\/AK-rixdorf-1000px-schatten-1-768x384.png 768w\" sizes=\"auto, (max-width: 1000px) 100vw, 1000px\" \/><\/p>\n<p>Unweit der gro\u00dfst\u00e4dtischen Karl-Marx-Stra\u00dfe, mitten in Berlin st\u00f6\u00dft der erstaunte Besucher auf das alte Rixdorf , das sich um den ehemaligen Dorfanger mit der noch heute existierenden Schmiede gruppiert. Nur wenige Meter weiter beginnt das B\u00f6hmische Dorf, welches im Jahre 1737 von K\u00f6nig Friedrich Wilhelm I. f\u00fcr B\u00f6hmische Glaubensfl\u00fcchtlinge errichtet wurde. Die alte Br\u00fcderkirche der sie angeh\u00f6rten, ist die \u00e4lteste protestantische Kirche der Welt. Nach dem drei\u00dfig-j\u00e4hrigen Krieg rekatholisierte Habsburg die B\u00f6hmen. Die Br\u00fcderkirche existierte nun nur noch im Untergrund.<br \/>\nErst mit der Gr\u00fcndung Herrnhuts in der Lausitz 1722 konnte die Br\u00fcderkirche wieder belebt werden.<br \/>\nZum Dank f\u00fcr ihre Aufnahme errichteten die B\u00f6hmen dem K\u00f6nig in der Rixdorfer Kirchgasse ein Denkmal.<\/p>\n","protected":false},"excerpt":{"rendered":"<p>Unweit der gro\u00dfst\u00e4dtischen Karl-Marx-Stra\u00dfe, mitten in Berlin st\u00f6\u00dft der erstaunte Besucher auf das alte Rixdorf , das sich um den ehemaligen Dorfanger mit der noch heute existierenden Schmiede gruppiert. Nur wenige Meter weiter beginnt das B\u00f6hmische Dorf, welches im Jahre 1737 von K\u00f6nig Friedrich Wilhelm I. f\u00fcr B\u00f6hmische Glaubensfl\u00fcchtlinge errichtet wurde. Die alte Br\u00fcderkirche der &hellip; <a href=\"https:\/\/stadt-adventskalender.de\/rixdorf\/das-boehmische-dorf\/\" class=\"more-link\"><span class=\"screen-reader-text\">Das B\u00f6hmische Dorf<\/span> weiterlesen<\/a><\/p>\n","protected":false},"author":1,"featured_media":0,"parent":0,"menu_order":0,"comment_status":"closed","ping_status":"closed","template":"","meta":{"footnotes":""},"class_list":["post-70","page","type-page","status-publish","hentry"],"translation":{"provider":"WPGlobus","version":"3.0.0","language":"de","enabled_languages":["de","en","cs"],"languages":{"de":{"title":true,"content":true,"excerpt":false},"en":{"title":true,"content":true,"excerpt":false},"cs":{"title":true,"content":true,"excerpt":false}}},"publishpress_future_action":{"enabled":false,"date":"2026-05-08 17:06:10","action":"change-status","newStatus":"draft","terms":[],"taxonomy":"","extraData":[]},"publishpress_future_workflow_manual_trigger":{"enabledWorkflows":[]},"_links":{"self":[{"href":"https:\/\/stadt-adventskalender.de\/rixdorf\/wp-json\/wp\/v2\/pages\/70","targetHints":{"allow":["GET"]}}],"collection":[{"href":"https:\/\/stadt-adventskalender.de\/rixdorf\/wp-json\/wp\/v2\/pages"}],"about":[{"href":"https:\/\/stadt-adventskalender.de\/rixdorf\/wp-json\/wp\/v2\/types\/page"}],"author":[{"embeddable":true,"href":"https:\/\/stadt-adventskalender.de\/rixdorf\/wp-json\/wp\/v2\/users\/1"}],"replies":[{"embeddable":true,"href":"https:\/\/stadt-adventskalender.de\/rixdorf\/wp-json\/wp\/v2\/comments?post=70"}],"version-history":[{"count":5,"href":"https:\/\/stadt-adventskalender.de\/rixdorf\/wp-json\/wp\/v2\/pages\/70\/revisions"}],"predecessor-version":[{"id":187,"href":"https:\/\/stadt-adventskalender.de\/rixdorf\/wp-json\/wp\/v2\/pages\/70\/revisions\/187"}],"wp:attachment":[{"href":"https:\/\/stadt-adventskalender.de\/rixdorf\/wp-json\/wp\/v2\/media?parent=70"}],"curies":[{"name":"wp","href":"https:\/\/api.w.org\/{rel}","templated":true}]}}