{"id":55,"date":"2019-09-08T11:33:12","date_gmt":"2019-09-08T09:33:12","guid":{"rendered":"http:\/\/stadt-adventskalender.de\/rixdorf\/?page_id=55"},"modified":"2019-09-08T11:37:29","modified_gmt":"2019-09-08T09:37:29","slug":"herzlich-willkommen","status":"publish","type":"page","link":"https:\/\/stadt-adventskalender.de\/rixdorf\/cs\/","title":{"rendered":"Herzlich Willkommen"},"content":{"rendered":"<p><img loading=\"lazy\" decoding=\"async\" class=\"alignnone wp-image-64 size-full\" src=\"https:\/\/stadt-adventskalender.de\/rixdorf\/wp-content\/uploads\/sites\/14\/2019\/09\/AK-rixdorf-1000px-schatten-1.png\" alt=\"\" width=\"1000\" height=\"500\" srcset=\"https:\/\/stadt-adventskalender.de\/rixdorf\/wp-content\/uploads\/sites\/14\/2019\/09\/AK-rixdorf-1000px-schatten-1.png 1000w, https:\/\/stadt-adventskalender.de\/rixdorf\/wp-content\/uploads\/sites\/14\/2019\/09\/AK-rixdorf-1000px-schatten-1-300x150.png 300w, https:\/\/stadt-adventskalender.de\/rixdorf\/wp-content\/uploads\/sites\/14\/2019\/09\/AK-rixdorf-1000px-schatten-1-768x384.png 768w\" sizes=\"auto, (max-width: 1000px) 100vw, 1000px\" \/><\/p>\n<p>Ab dem 1. Dezember 2019 \u00f6ffnet sich auf dieser Seite jeden Tag ein T\u00fcrchen und spaziert mit Ihnen durch B\u00f6hmisch Rixdorf.<\/p>\n<p>Diesen und andere Adventskalender finden Sie ab Oktober im Onlineshop <a href=\"https:\/\/stadt-adventskalender.com\" target=\"_blank\" rel=\"noopener\">stadt-adventskalender.com<\/a><\/p>\n<p>M\u00f6chten Sie mehr zu den Kalendern erfahren? Dann lesen Sie <a href=\"https:\/\/stadt-adventskalender.de\/\">hier<\/a>.<br \/>\nIch freue mich auch \u00fcber eine Mail an <a href=\"&#x6d;&#x61;&#x69;&#x6c;&#116;&#111;&#58;As&#x74;&#x72;&#x69;&#x64;&#x5f;&#76;&#97;&#110;ge&#x40;&#x67;&#x6d;&#x78;&#x2e;&#100;&#101;\">&#x41;&#x73;&#x74;&#114;&#105;&#100;_L&#x61;&#x6e;&#x67;&#x65;&#64;&#103;mx&#x2e;&#x64;&#x65;<\/a><\/p>\n","protected":false},"excerpt":{"rendered":"<p>Ab dem 1. Dezember 2019 \u00f6ffnet sich auf dieser Seite jeden Tag ein T\u00fcrchen und spaziert mit Ihnen durch B\u00f6hmisch Rixdorf. Diesen und andere Adventskalender finden Sie ab Oktober im Onlineshop stadt-adventskalender.com M\u00f6chten Sie mehr zu den Kalendern erfahren? Dann lesen Sie hier. Ich freue mich auch \u00fcber eine Mail an &#x41;s&#x74;&#114;i&#x64;&#95;&#x4c;&#x61;n&#x67;&#101;&#64;&#x67;&#109;&#x78;&#46;d&#x65;<\/p>\n","protected":false},"author":1,"featured_media":0,"parent":0,"menu_order":0,"comment_status":"closed","ping_status":"closed","template":"","meta":{"footnotes":""},"class_list":["post-55","page","type-page","status-publish","hentry"],"translation":{"provider":"WPGlobus","version":"3.0.0","language":"cs","enabled_languages":["de","en","cs"],"languages":{"de":{"title":true,"content":true,"excerpt":false},"en":{"title":false,"content":false,"excerpt":false},"cs":{"title":false,"content":false,"excerpt":false}}},"publishpress_future_action":{"enabled":false,"date":"2026-05-08 18:15:15","action":"change-status","newStatus":"draft","terms":[],"taxonomy":"","extraData":[]},"publishpress_future_workflow_manual_trigger":{"enabledWorkflows":[]},"_links":{"self":[{"href":"https:\/\/stadt-adventskalender.de\/rixdorf\/cs\/wp-json\/wp\/v2\/pages\/55","targetHints":{"allow":["GET"]}}],"collection":[{"href":"https:\/\/stadt-adventskalender.de\/rixdorf\/cs\/wp-json\/wp\/v2\/pages"}],"about":[{"href":"https:\/\/stadt-adventskalender.de\/rixdorf\/cs\/wp-json\/wp\/v2\/types\/page"}],"author":[{"embeddable":true,"href":"https:\/\/stadt-adventskalender.de\/rixdorf\/cs\/wp-json\/wp\/v2\/users\/1"}],"replies":[{"embeddable":true,"href":"https:\/\/stadt-adventskalender.de\/rixdorf\/cs\/wp-json\/wp\/v2\/comments?post=55"}],"version-history":[{"count":5,"href":"https:\/\/stadt-adventskalender.de\/rixdorf\/cs\/wp-json\/wp\/v2\/pages\/55\/revisions"}],"predecessor-version":[{"id":186,"href":"https:\/\/stadt-adventskalender.de\/rixdorf\/cs\/wp-json\/wp\/v2\/pages\/55\/revisions\/186"}],"wp:attachment":[{"href":"https:\/\/stadt-adventskalender.de\/rixdorf\/cs\/wp-json\/wp\/v2\/media?parent=55"}],"curies":[{"name":"wp","href":"https:\/\/api.w.org\/{rel}","templated":true}]}}