{"id":174,"date":"2017-11-21T19:11:20","date_gmt":"2017-11-21T18:11:20","guid":{"rendered":"http:\/\/stadt-adventskalender.de\/museumsinsel\/?page_id=174"},"modified":"2020-11-28T14:21:20","modified_gmt":"2020-11-28T13:21:20","slug":"impressum","status":"publish","type":"page","link":"https:\/\/stadt-adventskalender.de\/museumsinsel\/en\/impressum\/","title":{"rendered":"Impressum"},"content":{"rendered":"<h4>Impressum<\/h4>\n<p>Astrid Lange<br \/>\ninhaltlich verantwortlich gem\u00e4\u00df \u00a7 10, Absatz 3<br \/>\nMDStV: Astrid Lange<br \/>\nFinanzamt Prenzlauer Berg \/ Friedrichshain<br \/>\nSteuer-Nr: 31\/ 411 \/ 60823<\/p>\n<p>Astrid Lange<br \/>\nPrenzlauer Allee 149<br \/>\n10409 Berlin<br \/>\nTel. 030 4471 5883<br \/>\nMobil 0179 8022 221<\/p>\n<p>Idee, Illustration, Texte: Astrid Lange<br \/>\nTextbearbeitung: Marc Ottiker<br \/>\n\u00dcbersetzung: Marion Frenger<br \/>\nWebdesign, Realisierung: Astrid Lange<br \/>\n<a href=\"https:\/\/stadt-adventskalender.de\/museumsinsel\/quellen\/\">Quellen<\/a><\/p>\n<p>Trotz sorgf\u00e4ltiger inhaltlicher Kontrolle \u00fcbernehme ich keine Haftung f\u00fcr die Inhalte externer Links.<br \/>\nF\u00fcr den Inhalt der verlinkten Seiten sind ausschlie\u00dflich deren Betreiber verantwortlich.<\/p>\n","protected":false},"excerpt":{"rendered":"<p>Impressum Astrid Lange inhaltlich verantwortlich gem\u00e4\u00df \u00a7 10, Absatz 3 MDStV: Astrid Lange Finanzamt Prenzlauer Berg \/ Friedrichshain Steuer-Nr: 31\/ 411 \/ 60823 Astrid Lange Prenzlauer Allee 149 10409 Berlin Tel. 030 4471 5883 Mobil 0179 8022 221 Idee, Illustration, Texte: Astrid Lange Textbearbeitung: Marc Ottiker \u00dcbersetzung: Marion Frenger Webdesign, Realisierung: Astrid Lange Quellen Trotz &hellip; <a href=\"https:\/\/stadt-adventskalender.de\/museumsinsel\/en\/impressum\/\" class=\"more-link\">Continue reading <span class=\"screen-reader-text\">Impressum<\/span><\/a><\/p>\n","protected":false},"author":1,"featured_media":0,"parent":0,"menu_order":0,"comment_status":"closed","ping_status":"closed","template":"","meta":{"footnotes":""},"class_list":["post-174","page","type-page","status-publish","hentry"],"translation":{"provider":"WPGlobus","version":"3.0.0","language":"en","enabled_languages":["de","en"],"languages":{"de":{"title":true,"content":true,"excerpt":false},"en":{"title":false,"content":false,"excerpt":false}}},"publishpress_future_action":{"enabled":false,"date":"2026-04-28 13:38:15","action":"change-status","newStatus":"draft","terms":[],"taxonomy":"","extraData":[]},"publishpress_future_workflow_manual_trigger":{"enabledWorkflows":[]},"_links":{"self":[{"href":"https:\/\/stadt-adventskalender.de\/museumsinsel\/en\/wp-json\/wp\/v2\/pages\/174","targetHints":{"allow":["GET"]}}],"collection":[{"href":"https:\/\/stadt-adventskalender.de\/museumsinsel\/en\/wp-json\/wp\/v2\/pages"}],"about":[{"href":"https:\/\/stadt-adventskalender.de\/museumsinsel\/en\/wp-json\/wp\/v2\/types\/page"}],"author":[{"embeddable":true,"href":"https:\/\/stadt-adventskalender.de\/museumsinsel\/en\/wp-json\/wp\/v2\/users\/1"}],"replies":[{"embeddable":true,"href":"https:\/\/stadt-adventskalender.de\/museumsinsel\/en\/wp-json\/wp\/v2\/comments?post=174"}],"version-history":[{"count":7,"href":"https:\/\/stadt-adventskalender.de\/museumsinsel\/en\/wp-json\/wp\/v2\/pages\/174\/revisions"}],"predecessor-version":[{"id":943,"href":"https:\/\/stadt-adventskalender.de\/museumsinsel\/en\/wp-json\/wp\/v2\/pages\/174\/revisions\/943"}],"wp:attachment":[{"href":"https:\/\/stadt-adventskalender.de\/museumsinsel\/en\/wp-json\/wp\/v2\/media?parent=174"}],"curies":[{"name":"wp","href":"https:\/\/api.w.org\/{rel}","templated":true}]}}