{"id":4,"date":"2022-08-16T11:51:46","date_gmt":"2022-08-16T09:51:46","guid":{"rendered":"https:\/\/stadt-adventskalender.de\/magdeburg\/?page_id=4"},"modified":"2022-11-10T17:23:14","modified_gmt":"2022-11-10T16:23:14","slug":"willkommen","status":"publish","type":"page","link":"https:\/\/stadt-adventskalender.de\/magdeburg\/en\/","title":{"rendered":"Adventskalender Magdeburg"},"content":{"rendered":"\n<figure class=\"wp-block-image size-full\"><img loading=\"lazy\" decoding=\"async\" width=\"1000\" height=\"428\" src=\"https:\/\/stadt-adventskalender.de\/magdeburg\/wp-content\/uploads\/sites\/19\/2022\/08\/AK-Magdeburg-1000px-transp.png\" alt=\"\" class=\"wp-image-8\" srcset=\"https:\/\/stadt-adventskalender.de\/magdeburg\/wp-content\/uploads\/sites\/19\/2022\/08\/AK-Magdeburg-1000px-transp.png 1000w, https:\/\/stadt-adventskalender.de\/magdeburg\/wp-content\/uploads\/sites\/19\/2022\/08\/AK-Magdeburg-1000px-transp-300x128.png 300w, https:\/\/stadt-adventskalender.de\/magdeburg\/wp-content\/uploads\/sites\/19\/2022\/08\/AK-Magdeburg-1000px-transp-768x329.png 768w\" sizes=\"auto, (max-width: 1000px) 100vw, 1000px\" \/><\/figure>\n\n\n\n<h2 class=\"has-text-color wp-block-heading\" style=\"color:#990000\">Adventskalender Magdeburg<\/h2>\n\n\n\n<h3 class=\"has-text-color wp-block-heading\" style=\"color:#990000\">Ein adventlicher Spaziergang durch das alte und neue Magdeburg<\/h3>\n\n\n\n<p>Vom ersten Dezember bis zum Heiligen Abend erscheint auf dieser Seite ein Text zum ge\u00f6ffneten T\u00fcrchen des Magdeburger Adventskalenders. Informativ, spannend, manchmal komisch erz\u00e4hlt er etwas, das sich nicht in jedem Stadtf\u00fchrer findet. Eine englische Prinzessin, eine stachlige Sammlung und viele andere Kuriosit\u00e4ten verraten hier ihr Geheimnis.<\/p>\n\n\n\n<p>Diesen und Adventskalender anderer Orte finden Sie&nbsp; im Onlineshop<br><a rel=\"noreferrer noopener\" href=\"https:\/\/stadt-adventskalender.com\" target=\"_blank\">stadt-adventskalender.com <\/a>und ab Oktober in vielen Buchhandlungen und Museen. <\/p>\n","protected":false},"excerpt":{"rendered":"<p>Adventskalender Magdeburg Ein adventlicher Spaziergang durch das alte und neue Magdeburg Vom ersten Dezember bis zum Heiligen Abend erscheint auf dieser Seite ein Text zum ge\u00f6ffneten T\u00fcrchen des Magdeburger Adventskalenders. Informativ, spannend, manchmal komisch erz\u00e4hlt er etwas, das sich nicht in jedem Stadtf\u00fchrer findet. Eine englische Prinzessin, eine stachlige Sammlung und viele andere Kuriosit\u00e4ten verraten &hellip; <a href=\"https:\/\/stadt-adventskalender.de\/magdeburg\/en\/\" class=\"more-link\">Continue reading <span class=\"screen-reader-text\">Adventskalender Magdeburg<\/span><\/a><\/p>\n","protected":false},"author":1,"featured_media":0,"parent":0,"menu_order":0,"comment_status":"closed","ping_status":"closed","template":"","meta":{"footnotes":""},"class_list":["post-4","page","type-page","status-publish","hentry"],"translation":{"provider":"WPGlobus","version":"3.0.0","language":"en","enabled_languages":["de","en"],"languages":{"de":{"title":true,"content":true,"excerpt":false},"en":{"title":false,"content":false,"excerpt":false}}},"publishpress_future_action":{"enabled":false,"date":"2026-05-09 03:07:39","action":"change-status","newStatus":"draft","terms":[],"taxonomy":"","extraData":[]},"publishpress_future_workflow_manual_trigger":{"enabledWorkflows":[]},"_links":{"self":[{"href":"https:\/\/stadt-adventskalender.de\/magdeburg\/en\/wp-json\/wp\/v2\/pages\/4","targetHints":{"allow":["GET"]}}],"collection":[{"href":"https:\/\/stadt-adventskalender.de\/magdeburg\/en\/wp-json\/wp\/v2\/pages"}],"about":[{"href":"https:\/\/stadt-adventskalender.de\/magdeburg\/en\/wp-json\/wp\/v2\/types\/page"}],"author":[{"embeddable":true,"href":"https:\/\/stadt-adventskalender.de\/magdeburg\/en\/wp-json\/wp\/v2\/users\/1"}],"replies":[{"embeddable":true,"href":"https:\/\/stadt-adventskalender.de\/magdeburg\/en\/wp-json\/wp\/v2\/comments?post=4"}],"version-history":[{"count":4,"href":"https:\/\/stadt-adventskalender.de\/magdeburg\/en\/wp-json\/wp\/v2\/pages\/4\/revisions"}],"predecessor-version":[{"id":32,"href":"https:\/\/stadt-adventskalender.de\/magdeburg\/en\/wp-json\/wp\/v2\/pages\/4\/revisions\/32"}],"wp:attachment":[{"href":"https:\/\/stadt-adventskalender.de\/magdeburg\/en\/wp-json\/wp\/v2\/media?parent=4"}],"curies":[{"name":"wp","href":"https:\/\/api.w.org\/{rel}","templated":true}]}}