{"id":133,"date":"2025-11-29T19:51:30","date_gmt":"2025-11-29T18:51:30","guid":{"rendered":"https:\/\/stadt-adventskalender.de\/jakobsweg\/?page_id=133"},"modified":"2025-11-29T19:51:31","modified_gmt":"2025-11-29T18:51:31","slug":"impressum","status":"publish","type":"page","link":"https:\/\/stadt-adventskalender.de\/jakobsweg\/en\/impressum\/","title":{"rendered":"Impressum"},"content":{"rendered":"\n<h2 class=\"wp-block-heading\">Impressum<\/h2>\n\n\n\n<p>Astrid Lange<br>inhaltlich verantwortlich gem\u00e4\u00df \u00a7 10, Absatz 3<br>MDStV: Astrid Lange<br>Finanzamt Prenzlauer Berg \/ Friedrichshain<br>Steuer-Nr: 31\/ 411 \/ 60823<\/p>\n\n\n\n<p>Astrid Lange<br>Prenzlauer Allee 149<br>10409 Berlin<br>Tel. 030 4471 5883<br>Mobil 0179 8022 221<\/p>\n\n\n\n<p>Idee, Illustration: Astrid Lange<br>Texte \/ \u00dcbersetzung: Amadigi<br>Webdesign, Realisierung: Astrid Lange<\/p>\n\n\n\n<p>Trotz sorgf\u00e4ltiger inhaltlicher Kontrolle \u00fcbernehme ich keine Haftung f\u00fcr die Inhalte externer Links.<br>F\u00fcr den Inhalt der verlinkten Seiten sind ausschlie\u00dflich deren Betreiber verantwortlich.<\/p>\n","protected":false},"excerpt":{"rendered":"<p>Impressum Astrid Langeinhaltlich verantwortlich gem\u00e4\u00df \u00a7 10, Absatz 3MDStV: Astrid LangeFinanzamt Prenzlauer Berg \/ FriedrichshainSteuer-Nr: 31\/ 411 \/ 60823 Astrid LangePrenzlauer Allee 14910409 BerlinTel. 030 4471 5883Mobil 0179 8022 221 Idee, Illustration: Astrid LangeTexte \/ \u00dcbersetzung: AmadigiWebdesign, Realisierung: Astrid Lange Trotz sorgf\u00e4ltiger inhaltlicher Kontrolle \u00fcbernehme ich keine Haftung f\u00fcr die Inhalte externer Links.F\u00fcr den Inhalt &hellip; <a href=\"https:\/\/stadt-adventskalender.de\/jakobsweg\/en\/impressum\/\" class=\"more-link\">Continue reading <span class=\"screen-reader-text\">Impressum<\/span><\/a><\/p>\n","protected":false},"author":1,"featured_media":0,"parent":0,"menu_order":0,"comment_status":"closed","ping_status":"closed","template":"","meta":{"footnotes":""},"class_list":["post-133","page","type-page","status-publish","hentry"],"translation":{"provider":"WPGlobus","version":"3.0.0","language":"en","enabled_languages":["de","en"],"languages":{"de":{"title":true,"content":true,"excerpt":false},"en":{"title":false,"content":false,"excerpt":false}}},"publishpress_future_action":{"enabled":false,"date":"2026-05-08 16:15:52","action":"change-status","newStatus":"draft","terms":[],"taxonomy":"","extraData":[]},"publishpress_future_workflow_manual_trigger":{"enabledWorkflows":[]},"_links":{"self":[{"href":"https:\/\/stadt-adventskalender.de\/jakobsweg\/en\/wp-json\/wp\/v2\/pages\/133","targetHints":{"allow":["GET"]}}],"collection":[{"href":"https:\/\/stadt-adventskalender.de\/jakobsweg\/en\/wp-json\/wp\/v2\/pages"}],"about":[{"href":"https:\/\/stadt-adventskalender.de\/jakobsweg\/en\/wp-json\/wp\/v2\/types\/page"}],"author":[{"embeddable":true,"href":"https:\/\/stadt-adventskalender.de\/jakobsweg\/en\/wp-json\/wp\/v2\/users\/1"}],"replies":[{"embeddable":true,"href":"https:\/\/stadt-adventskalender.de\/jakobsweg\/en\/wp-json\/wp\/v2\/comments?post=133"}],"version-history":[{"count":1,"href":"https:\/\/stadt-adventskalender.de\/jakobsweg\/en\/wp-json\/wp\/v2\/pages\/133\/revisions"}],"predecessor-version":[{"id":134,"href":"https:\/\/stadt-adventskalender.de\/jakobsweg\/en\/wp-json\/wp\/v2\/pages\/133\/revisions\/134"}],"wp:attachment":[{"href":"https:\/\/stadt-adventskalender.de\/jakobsweg\/en\/wp-json\/wp\/v2\/media?parent=133"}],"curies":[{"name":"wp","href":"https:\/\/api.w.org\/{rel}","templated":true}]}}