{"id":4,"date":"2017-11-13T20:49:06","date_gmt":"2017-11-13T19:49:06","guid":{"rendered":"http:\/\/stadt-adventskalender.de\/herrnhut\/?page_id=4"},"modified":"2020-11-30T20:47:26","modified_gmt":"2020-11-30T19:47:26","slug":"ueber-herrnhut","status":"publish","type":"page","link":"https:\/\/stadt-adventskalender.de\/herrnhut\/ueber-herrnhut\/","title":{"rendered":"\u00dcber Herrnhut"},"content":{"rendered":"<p><img loading=\"lazy\" decoding=\"async\" class=\"alignnone size-full wp-image-35\" src=\"https:\/\/stadt-adventskalender.de\/herrnhut\/wp-content\/uploads\/sites\/5\/2017\/11\/zinzendorf.png\" alt=\"\" width=\"350\" height=\"328\" srcset=\"https:\/\/stadt-adventskalender.de\/herrnhut\/wp-content\/uploads\/sites\/5\/2017\/11\/zinzendorf.png 350w, https:\/\/stadt-adventskalender.de\/herrnhut\/wp-content\/uploads\/sites\/5\/2017\/11\/zinzendorf-300x281.png 300w\" sizes=\"auto, (max-width: 350px) 100vw, 350px\" \/><\/p>\n<p class=\"startseite\">Herrnhut und die Br\u00fcder-Unit\u00e4t<\/p>\n<p>Die Gr\u00fcndung von Herrnhut verdankt sich der Gro\u00dfz\u00fcgigkeit und dem pers\u00f6nlichen Engagement von Nikolaus Ludwig Graf von Zinzendorf. Er hatte im Jahr 1722 den \u201eB\u00f6hmischen Br\u00fcdern\u201c, Glaubensfl\u00fcchtlingen aus M\u00e4hren, Aufnahme auf seinem Gut Berthelsdorf gew\u00e4hrt. Doch die Geschichte Herrnhuts beginnt viel fr\u00fcher. 1457 entstand eine der ersten evangelischen Kirchen in B\u00f6hmen, die Unitas Fratrum oder Br\u00fcder-Unit\u00e4t. Die \u201eB\u00f6hmischen Br\u00fcder\u201c beriefen sich auf den Reformator Jan Hus, der 1415 in Konstanz als Ketzer verbrannt wurde. F\u00fcr ihre Gemeinschaft sollten einzig und allein die Aussagen der Bibel gelten. Infolge der Gegenreformation wurden die Br\u00fcder deshalb aus der b\u00f6hmischen Heimat vertrieben. Den ihnen von Zinzendorf zugewiesenen Ort am Fu\u00dfe des Hutberges, stellten sie unter die \u201eObhut des Herrn Jesus\u201c und nannten ihre Kolonie Herrnhut.<\/p>\n","protected":false},"excerpt":{"rendered":"<p>Herrnhut und die Br\u00fcder-Unit\u00e4t Die Gr\u00fcndung von Herrnhut verdankt sich der Gro\u00dfz\u00fcgigkeit und dem pers\u00f6nlichen Engagement von Nikolaus Ludwig Graf von Zinzendorf. Er hatte im Jahr 1722 den \u201eB\u00f6hmischen Br\u00fcdern\u201c, Glaubensfl\u00fcchtlingen aus M\u00e4hren, Aufnahme auf seinem Gut Berthelsdorf gew\u00e4hrt. Doch die Geschichte Herrnhuts beginnt viel fr\u00fcher. 1457 entstand eine der ersten evangelischen Kirchen in B\u00f6hmen, &hellip; <a href=\"https:\/\/stadt-adventskalender.de\/herrnhut\/ueber-herrnhut\/\" class=\"more-link\"><span class=\"screen-reader-text\">\u00dcber Herrnhut<\/span> weiterlesen<\/a><\/p>\n","protected":false},"author":1,"featured_media":0,"parent":0,"menu_order":0,"comment_status":"closed","ping_status":"closed","template":"","meta":{"footnotes":""},"class_list":["post-4","page","type-page","status-publish","hentry"],"translation":{"provider":"WPGlobus","version":"3.0.0","language":"de","enabled_languages":["de","en"],"languages":{"de":{"title":true,"content":true,"excerpt":false},"en":{"title":true,"content":true,"excerpt":false}}},"publishpress_future_action":{"enabled":false,"date":"2026-05-08 00:44:18","action":"change-status","newStatus":"draft","terms":[],"taxonomy":"","extraData":[]},"publishpress_future_workflow_manual_trigger":{"enabledWorkflows":[]},"_links":{"self":[{"href":"https:\/\/stadt-adventskalender.de\/herrnhut\/wp-json\/wp\/v2\/pages\/4","targetHints":{"allow":["GET"]}}],"collection":[{"href":"https:\/\/stadt-adventskalender.de\/herrnhut\/wp-json\/wp\/v2\/pages"}],"about":[{"href":"https:\/\/stadt-adventskalender.de\/herrnhut\/wp-json\/wp\/v2\/types\/page"}],"author":[{"embeddable":true,"href":"https:\/\/stadt-adventskalender.de\/herrnhut\/wp-json\/wp\/v2\/users\/1"}],"replies":[{"embeddable":true,"href":"https:\/\/stadt-adventskalender.de\/herrnhut\/wp-json\/wp\/v2\/comments?post=4"}],"version-history":[{"count":16,"href":"https:\/\/stadt-adventskalender.de\/herrnhut\/wp-json\/wp\/v2\/pages\/4\/revisions"}],"predecessor-version":[{"id":572,"href":"https:\/\/stadt-adventskalender.de\/herrnhut\/wp-json\/wp\/v2\/pages\/4\/revisions\/572"}],"wp:attachment":[{"href":"https:\/\/stadt-adventskalender.de\/herrnhut\/wp-json\/wp\/v2\/media?parent=4"}],"curies":[{"name":"wp","href":"https:\/\/api.w.org\/{rel}","templated":true}]}}