{"id":8,"date":"2017-09-17T15:57:37","date_gmt":"2017-09-17T13:57:37","guid":{"rendered":"http:\/\/stadt-adventskalender.de\/?page_id=8"},"modified":"2022-10-17T21:51:58","modified_gmt":"2022-10-17T19:51:58","slug":"ueber-mich","status":"publish","type":"page","link":"https:\/\/stadt-adventskalender.de\/en\/ueber-mich\/","title":{"rendered":"Wer macht die Kalender"},"content":{"rendered":"<div class=\"page\" title=\"Page 1\">\n<div class=\"layoutArea\">\n<div class=\"column\">\n<p>Astrid Lange ist in Dresden aufgewachsen und war nach dem Diplom der Freien Kunst an der Hochschule f\u00fcr Bildende K\u00fcnste in Dresden dort Meistersch\u00fclerin. Von 2003 bis 2012 arbeitete sie als Arch\u00e4ologische Zeichnerin und Fotografin in Syrien, Pakistan und Afghanistan. Nun ist sie seit einigen Jahren zeichnerisch den Motiven ihrer Heimat auf der Spur. In mittlerweile 18 verschiedenen Kalendermotiven hat sich die K\u00fcnstlerin auf diese Weise mit Ort und Zeit besch\u00e4ftigt, sie detailliert gezeichnet, getextet und in Eigenregie produziert.<\/p>\n<\/div>\n<\/div>\n<\/div>\n","protected":false},"excerpt":{"rendered":"<p>Astrid Lange ist in Dresden aufgewachsen und war nach dem Diplom der Freien Kunst an der Hochschule f\u00fcr Bildende K\u00fcnste in Dresden dort Meistersch\u00fclerin. Von 2003 bis 2012 arbeitete sie als Arch\u00e4ologische Zeichnerin und Fotografin in Syrien, Pakistan und Afghanistan. Nun ist sie seit einigen Jahren zeichnerisch den Motiven ihrer Heimat auf der Spur. In &hellip; <a href=\"https:\/\/stadt-adventskalender.de\/en\/ueber-mich\/\" class=\"more-link\">Continue reading <span class=\"screen-reader-text\">Wer macht die Kalender<\/span><\/a><\/p>\n","protected":false},"author":1,"featured_media":42,"parent":0,"menu_order":0,"comment_status":"closed","ping_status":"closed","template":"","meta":{"footnotes":""},"class_list":["post-8","page","type-page","status-publish","has-post-thumbnail","hentry"],"translation":{"provider":"WPGlobus","version":"3.0.0","language":"en","enabled_languages":["de","en"],"languages":{"de":{"title":true,"content":true,"excerpt":false},"en":{"title":false,"content":false,"excerpt":false}}},"publishpress_future_action":{"enabled":false,"date":"2026-05-09 18:37:47","action":"change-status","newStatus":"draft","terms":[],"taxonomy":"","extraData":[]},"publishpress_future_workflow_manual_trigger":{"enabledWorkflows":[]},"_links":{"self":[{"href":"https:\/\/stadt-adventskalender.de\/en\/wp-json\/wp\/v2\/pages\/8","targetHints":{"allow":["GET"]}}],"collection":[{"href":"https:\/\/stadt-adventskalender.de\/en\/wp-json\/wp\/v2\/pages"}],"about":[{"href":"https:\/\/stadt-adventskalender.de\/en\/wp-json\/wp\/v2\/types\/page"}],"author":[{"embeddable":true,"href":"https:\/\/stadt-adventskalender.de\/en\/wp-json\/wp\/v2\/users\/1"}],"replies":[{"embeddable":true,"href":"https:\/\/stadt-adventskalender.de\/en\/wp-json\/wp\/v2\/comments?post=8"}],"version-history":[{"count":10,"href":"https:\/\/stadt-adventskalender.de\/en\/wp-json\/wp\/v2\/pages\/8\/revisions"}],"predecessor-version":[{"id":229,"href":"https:\/\/stadt-adventskalender.de\/en\/wp-json\/wp\/v2\/pages\/8\/revisions\/229"}],"wp:featuredmedia":[{"embeddable":true,"href":"https:\/\/stadt-adventskalender.de\/en\/wp-json\/wp\/v2\/media\/42"}],"wp:attachment":[{"href":"https:\/\/stadt-adventskalender.de\/en\/wp-json\/wp\/v2\/media?parent=8"}],"curies":[{"name":"wp","href":"https:\/\/api.w.org\/{rel}","templated":true}]}}