{"id":7,"date":"2017-09-17T15:57:37","date_gmt":"2017-09-17T13:57:37","guid":{"rendered":"http:\/\/stadt-adventskalender.de\/?page_id=7"},"modified":"2025-10-31T20:31:18","modified_gmt":"2025-10-31T19:31:18","slug":"adventskalender","status":"publish","type":"page","link":"https:\/\/stadt-adventskalender.de\/en\/","title":{"rendered":"Stadt-Adventskalender"},"content":{"rendered":"<div class=\"wonderpluginslider-container\" id=\"wonderpluginslider-container-1\" style=\"max-width:800px;margin:0 auto;padding-left:0px;padding-right:0px;padding-top:0px;padding-bottom:0px;\"><div class=\"wonderpluginslider\" id=\"wonderpluginslider-1\" data-sliderid=\"1\" data-width=\"800\" data-height=\"420\" data-skin=\"content\" data-usejsforfullbrowserwidth=\"false\" data-fullbrowserwidth=\"false\" data-playmutedandinlinewhenautoplay=\"false\" data-playsinline=\"false\" data-addextraattributes=\"false\" data-autoplay=\"true\" data-randomplay=\"false\" data-loadimageondemand=\"false\" data-transitiononfirstslide=\"false\" data-autoplayvideo=\"false\" data-isresponsive=\"true\" data-fullwidth=\"false\" data-isfullscreen=\"false\" data-ratioresponsive=\"false\" data-showtext=\"false\" data-showtimer=\"false\" data-showbottomshadow=\"false\" data-navshowpreview=\"false\" data-textautohide=\"true\" data-pauseonmouseover=\"false\" data-lightboxresponsive=\"true\" data-lightboxshownavigation=\"false\" data-lightboxshowtitle=\"true\" data-lightboxshowdescription=\"false\" data-texteffectresponsive=\"true\" data-donotinit=\"false\" data-addinitscript=\"false\" data-lightboxfullscreenmode=\"false\" data-lightboxcloseonoverlay=\"true\" data-lightboxvideohidecontrols=\"false\" data-lightboxnogroup=\"false\" data-shownav=\"true\" data-navthumbresponsive=\"false\" data-navshowfeaturedarrow=\"false\" data-inityoutube=\"true\" data-initvimeo=\"true\" data-navshowplaypause=\"true\" data-navshowarrow=\"true\" data-navshowbuttons=\"false\" data-lightboxshowsocial=\"false\" data-lightboxshowfacebook=\"true\" data-lightboxshowtwitter=\"true\" data-lightboxshowpinterest=\"true\" data-lightboxsocialrotateeffect=\"true\" data-showsocial=\"false\" data-showfacebook=\"true\" data-showtwitter=\"true\" data-showpinterest=\"true\" data-socialrotateeffect=\"true\" data-disableinlinecss=\"false\" data-triggerresize=\"false\" data-lightboxautoslide=\"false\" data-lightboxshowtimer=\"true\" data-lightboxshowplaybutton=\"true\" data-lightboxalwaysshownavarrows=\"false\" data-lightboxshowtitleprefix=\"true\" data-titleusealt=\"false\" data-outputtext=\"false\" data-titletag=\"h1\" data-descriptiontag=\"h2\" data-scalemode=\"fill\" data-arrowstyle=\"none\" data-transition=\"fade\" data-loop=\"0\" data-border=\"0\" data-slideinterval=\"8000\" data-arrowimage=\"arrows-32-32-4.png\" data-arrowwidth=\"32\" data-arrowheight=\"32\" data-arrowtop=\"50\" data-arrowmargin=\"0\" data-ga4account=\"\" data-googleanalyticsaccount=\"\" data-navplaypauseimage=\"navplaypause-28-28-0.png\" data-navarrowimage=\"navarrows-28-28-0.png\" data-navstyle=\"bullets\" data-navimage=\"bullet-16-16-1.png\" data-navwidth=\"16\" data-navheight=\"16\" data-navspacing=\"8\" data-navmarginx=\"16\" data-navmarginy=\"16\" data-navposition=\"bottom\" data-navthumbnavigationstyle=\"arrow\" data-navthumbnavigationarrowimage=\"carouselarrows-32-32-0.png\" data-navthumbnavigationarrowimagewidth=\"32\" data-navthumbnavigationarrowimageheight=\"32\" data-playvideoimage=\"playvideo-64-64-0.png\" data-playvideoimagewidth=\"64\" data-playvideoimageheight=\"64\" data-lightboxthumbwidth=\"90\" data-lightboxthumbheight=\"60\" data-lightboxthumbtopmargin=\"12\" data-lightboxthumbbottommargin=\"4\" data-lightboxbarheight=\"64\" data-lightboxtitlebottomcss=\"color:#333; font-size:14px; font-family:Armata,sans-serif,Arial; overflow:hidden; text-align:left;\" data-lightboxdescriptionbottomcss=\"color:#333; font-size:12px; font-family:Arial,Helvetica,sans-serif; overflow:hidden; text-align:left; margin:4px 0px 0px; padding: 0px;\" data-textformat=\"Center text\" data-textpositionstatic=\"bottom\" data-textpositiondynamic=\"centercenter\" data-paddingleft=\"0\" data-paddingright=\"0\" data-paddingtop=\"0\" data-paddingbottom=\"0\" data-texteffectresponsivesize=\"640\" data-textleftrightpercentforstatic=\"40\" data-fadeduration=\"1000\" data-crossfadeduration=\"1000\" data-fadeoutfadeinduration=\"2000\" data-slideduration=\"1000\" data-cssslideduration=\"1000\" data-elasticduration=\"1000\" data-sliceduration=\"1500\" data-blindsduration=\"1500\" data-blocksduration=\"1500\" data-shuffleduration=\"1500\" data-tilesduration=\"2000\" data-kenburnsduration=\"5000\" data-flipduration=\"1500\" data-flipwithzoomduration=\"2000\" data-threedduration=\"1500\" data-threedhorizontalduration=\"1500\" data-threedwithzoomduration=\"2500\" data-threedhorizontalwithzoomduration=\"2200\" data-threedflipduration=\"1500\" data-threedflipwithzoomduration=\"2000\" data-threedtilesduration=\"2000\" data-threedfallback=\"flip\" data-threedhorizontalfallback=\"flip\" data-threedwithzoomfallback=\"flipwithzoom\" data-threedhorizontalwithzoomfallback=\"flipwithzoom\" data-threedflipfallback=\"flip\" data-threedflipwithzoomfallback=\"flipwithzoom\" data-threedtilesfallback=\"tiles\" data-ratiomediumscreen=\"800\" data-ratiomediumheight=\"1.2\" data-ratiosmallscreen=\"480\" data-ratiosmallheight=\"1.6\" data-socialmode=\"mouseover\" data-socialposition=\"position:absolute;top:8px;right:8px;\" data-socialpositionsmallscreen=\"position:absolute;top:8px;right:8px;\" data-socialdirection=\"horizontal\" data-socialbuttonsize=\"32\" data-socialbuttonfontsize=\"18\" data-navthumbcolumn=\"5\" data-navthumbtitleheight=\"20\" data-navthumbtitlewidth=\"120\" data-navthumbresponsivemode=\"samesize\" data-navthumbstyle=\"imageonly\" data-navthumbmediumsize=\"900\" data-navthumbmediumwidth=\"64\" data-navthumbmediumheight=\"64\" data-navthumbmediumcolumn=\"4\" data-navthumbmediumtitleheight=\"18\" data-navthumbmediumtitlewidth=\"120\" data-navthumbsmallsize=\"600\" data-navthumbsmallwidth=\"48\" data-navthumbsmallheight=\"48\" data-navthumbsmallcolumn=\"3\" data-navthumbsmalltitleheight=\"18\" data-navthumbsmalltitlewidth=\"120\" data-lightboxsocialposition=\"position:absolute;top:100%;right:0;\" data-lightboxsocialpositionsmallscreen=\"position:absolute;top:100%;right:0;left:0;\" data-lightboxsocialdirection=\"horizontal\" data-lightboxsocialbuttonsize=\"32\" data-lightboxsocialbuttonfontsize=\"18\" data-lightboxtitlestyle=\"bottom\" data-lightboximagepercentage=\"75\" data-lightboxdefaultvideovolume=\"1\" data-lightboxoverlaybgcolor=\"#000\" data-lightboxoverlayopacity=\"0.9\" data-lightboxbgcolor=\"#fff\" data-lightboxtitleprefix=\"%NUM \/ %TOTAL\" data-lightboxtitleinsidecss=\"color:#fff; font-size:16px; font-family:Arial,Helvetica,sans-serif; overflow:hidden; text-align:left;\" data-lightboxdescriptioninsidecss=\"color:#fff; font-size:12px; font-family:Arial,Helvetica,sans-serif; overflow:hidden; text-align:left; margin:4px 0px 0px; padding: 0px;\" data-lightboxtitleoutsidecss=\"color:#fff; font-size:18px; font-family:Arial,Helvetica,sans-serif; overflow:hidden; text-align:center; margin: 8px;\" data-lightboxdescriptionoutsidecss=\"color:#fff; font-size:14px; font-family:Arial,Helvetica,sans-serif; overflow:hidden; text-align:center; margin:8px; padding: 0px;\" data-triggerresizedelay=\"100\" data-lightboxslideinterval=\"5000\" data-lightboxtimerposition=\"bottom\" data-lightboxtimercolor=\"#dc572e\" data-lightboxtimeropacity=\"1\" data-lightboxbordersize=\"8\" data-lightboxborderradius=\"0\" data-textcss=\"display:block; padding:48px; text-align:center;\" data-textbgcss=\"display:none;\" data-titlecss=\"display:table; position:relative; font-weight:300; font-style:italic; font-size:32px; font-family:Georgia,sans-serif,Arial; color:#fff; padding:10px; margin:0px auto;\" data-descriptioncss=\"display:block; position:relative; font-weight:300; font-style:normal; font-size:20px; line-height:30px; font-family:Georgia,sans-serif,Arial; color:#fff; padding:10px; margin:0px auto;\" data-buttoncss=\"display:block; position:relative; margin:10px auto;\" data-titlecssresponsive=\"font-size:12px;\" data-descriptioncssresponsive=\"display:none !important;\" data-buttoncssresponsive=\"\" data-jsfolder=\"https:\/\/stadt-adventskalender.de\/wp-content\/plugins\/wonderplugin-slider-lite\/engine\/\" style=\"display:none;\" ><ul class=\"amazingslider-slides\"  style=\"display:none;\"><li><img decoding=\"async\" class=\"amazingslider-img-elem amazingsliderimg\" src=\"https:\/\/stadt-adventskalender.de\/wp-content\/uploads\/2022\/11\/Adventskalender-Dresden.png\" alt=\"Adventskalender Dresden\" title=\"Adventskalender-Dresden\" data-description=\"\" \/><\/li><li><img decoding=\"async\" class=\"amazingslider-img-elem amazingsliderimg\" src=\"https:\/\/stadt-adventskalender.de\/wp-content\/uploads\/2022\/11\/Adventskalender-Herrnhut.png\" alt=\"Adventskalender Herrnhut\" title=\"Adventskalender-Herrnhut\" data-description=\"\" \/><\/li><li><img decoding=\"async\" class=\"amazingslider-img-elem amazingsliderimg\" src=\"https:\/\/stadt-adventskalender.de\/wp-content\/uploads\/2022\/11\/Adventskalender-Saechische-Schweiz.png\" alt=\"Adventskalender Saechische Schweiz\" title=\"Adventskalender-Saechische-Schweiz\" data-description=\"\" \/><\/li><li><img decoding=\"async\" class=\"amazingslider-img-elem amazingsliderimg\" src=\"https:\/\/stadt-adventskalender.de\/wp-content\/uploads\/2018\/08\/AK-Speicherstadt-1000px.png\" alt=\"\" title=\"\" data-description=\"\" \/><\/li><li><img decoding=\"async\" class=\"amazingslider-img-elem amazingsliderimg\" src=\"https:\/\/stadt-adventskalender.de\/wp-content\/uploads\/2018\/08\/AK-Potsdam-1500px.png\" alt=\"\" title=\"\" data-description=\"\" \/><\/li><li><img decoding=\"async\" class=\"amazingslider-img-elem amazingsliderimg\" src=\"https:\/\/stadt-adventskalender.de\/wp-content\/uploads\/2022\/11\/Adventskalender-Berlin-Museumsinsel.png\" alt=\"Adventskalender Berlin Museumsinsel\" title=\"Adventskalender-Berlin-Museumsinsel\" data-description=\"\" \/><\/li><li><img decoding=\"async\" class=\"amazingslider-img-elem amazingsliderimg\" src=\"https:\/\/stadt-adventskalender.de\/wp-content\/uploads\/2022\/11\/Adventskalender-Hamburg-Speicherstadt.png\" alt=\"Adventskalender Hamburg Speicherstadt\" title=\"Adventskalender-Hamburg-Speicherstadt\" data-description=\"\" \/><\/li><li><img decoding=\"async\" class=\"amazingslider-img-elem amazingsliderimg\" src=\"https:\/\/stadt-adventskalender.de\/wp-content\/uploads\/2022\/11\/Adventskalender-Potsdam.png\" alt=\"Adventskalender Potsdam\" title=\"Adventskalender-Potsdam\" data-description=\"\" \/><\/li><li><img decoding=\"async\" class=\"amazingslider-img-elem amazingsliderimg\" src=\"https:\/\/stadt-adventskalender.de\/wp-content\/uploads\/2022\/11\/Adventskalender-Magdeburg.png\" alt=\"Adventskalender-Magdeburg\" title=\"Adventskalender-Magdeburg\" data-description=\"\" \/><\/li><\/ul><\/div><\/div><div id=\"amazingslider_customtexteffect_1\" style=\"display:none;\" data-texteffect=\"{&quot;Center text&quot;:{&quot;textstyle&quot;:&quot;dynamic&quot;,&quot;textpositionstatic&quot;:&quot;bottom&quot;,&quot;textautohide&quot;:true,&quot;textpositionmarginstatic&quot;:0,&quot;textpositiondynamic&quot;:&quot;centercenter&quot;,&quot;textpositionmarginleft&quot;:24,&quot;textpositionmarginright&quot;:24,&quot;textpositionmargintop&quot;:24,&quot;textpositionmarginbottom&quot;:24,&quot;texteffect&quot;:&quot;slide&quot;,&quot;texteffecteasing&quot;:&quot;easeOutCubic&quot;,&quot;texteffectduration&quot;:600,&quot;texteffectslidedirection&quot;:&quot;bottom&quot;,&quot;texteffectslidedistance&quot;:30,&quot;texteffectdelay&quot;:500,&quot;texteffectseparate&quot;:true,&quot;texteffect1&quot;:&quot;slide&quot;,&quot;texteffectslidedirection1&quot;:&quot;bottom&quot;,&quot;texteffectslidedistance1&quot;:30,&quot;texteffecteasing1&quot;:&quot;easeOutCubic&quot;,&quot;texteffectduration1&quot;:600,&quot;texteffectdelay1&quot;:1000,&quot;texteffect2&quot;:&quot;slide&quot;,&quot;texteffectslidedirection2&quot;:&quot;bottom&quot;,&quot;texteffectslidedistance2&quot;:30,&quot;texteffecteasing2&quot;:&quot;easeOutCubic&quot;,&quot;texteffectduration2&quot;:600,&quot;texteffectdelay2&quot;:1500,&quot;textcss&quot;:&quot;display:block; padding:48px; text-align:center;&quot;,&quot;textbgcss&quot;:&quot;display:none;&quot;,&quot;titlecss&quot;:&quot;display:table; position:relative; font-weight:300; font-style:italic; font-size:32px; font-family:Georgia,sans-serif,Arial; color:#fff; padding:10px; margin:0px auto;&quot;,&quot;descriptioncss&quot;:&quot;display:block; position:relative; font-weight:300; font-style:normal; font-size:20px; line-height:30px; font-family:Georgia,sans-serif,Arial; color:#fff; padding:10px; margin:0px auto;&quot;,&quot;buttoncss&quot;:&quot;display:block; position:relative; margin:10px auto;&quot;,&quot;texteffectresponsive&quot;:true,&quot;texteffectresponsivesize&quot;:640,&quot;titlecssresponsive&quot;:&quot;font-size:12px;&quot;,&quot;descriptioncssresponsive&quot;:&quot;display:none !important;&quot;,&quot;buttoncssresponsive&quot;:&quot;&quot;,&quot;addgooglefonts&quot;:false,&quot;googlefonts&quot;:&quot;&quot;,&quot;textleftrightpercentforstatic&quot;:40}}\"><\/div><script>function wonderslider_1_appendcss(csscode) {var head=document.head || document.getElementsByTagName(\"head\")[0];var style=document.createElement(\"style\");head.appendChild(style);style.type=\"text\/css\";if (style.styleSheet){style.styleSheet.cssText=csscode;} else {style.appendChild(document.createTextNode(csscode));}};wonderslider_1_appendcss(\"#wonderpluginslider-1 .star-rating { \tdisplay: inline-block; }\");<\/script>\n\n\n\n<h1 class=\"wp-block-heading\">Stadt-Adventskalender<\/h1>\n\n\n\n<h2 class=\"wp-block-heading has-medium-font-size\">Ein Universum hinter 24 Papiert\u00fcrchen<\/h2>\n\n\n\n<p>Die kulturgeschichtlichen Adventskalender von Dresden, Berlin, Hamburg, Potsdam, Herrnhut oder Freiberg f\u00fchren in fro\u0308hlichem Kaleidoskop durch Kultur, Geschichte und Gegenwart der Sta\u0308dte. Wer Spa\u00df hat an sch\u00f6n gezeichneten Stadtdetails, kann sich an den T\u00fcrchenbildern des traditionellen Kalenders freuen.<\/p>\n\n\n\n<p>Die Kalender verbinden aber auch Handzeichnung mit digitalem Wissen. Denn wer die Orte aus ungewohntem Blickwinkel kennenlernen will, schaut im Advent auf die Internetseiten der einzelnen Kalender. Sie geben jeden Tag ein kleines Geheimnis preis und erz\u00e4hlen spannend und eigenwillig \u00fcber das aktuelle T\u00fcrchen \u2013 <em>eine Heilige rettet sich durch eine Felsspalte und wird so zur Schutzheiligen der Bergleute, der Herrnhuter Missionar Miertsching steckt fest im arktischen Eis, ein Sachsenmeister im Schwergewicht steht im Jahre 1927 Modell f\u00fcr den Dresdner Goldenen Rathausmann \u2026<\/em><\/p>\n\n\n\n<p>Die kleinen T\u00fcrchenbilder verk\u00fcrzen das Warten auf den Heiligen Abend. Und vielleicht haben Sie auch Spa\u00df an den T\u00fcrchengeschichten im Internet, probieren sie  es doch mal aus!<\/p>\n\n\n\n<p class=\"has-text-align-center\">Und hier finden Sie alle Adventskalender, Stadt-Popups und andere gezeichnete Dinge<\/p>\n\n\n\n<div class=\"wp-block-buttons is-content-justification-center is-layout-flex wp-container-core-buttons-is-layout-16018d1d wp-block-buttons-is-layout-flex\">\n<div class=\"wp-block-button buttonfarbe\"><a class=\"wp-block-button__link wp-element-button\" href=\"https:\/\/stadt-adventskalender.com\/\">zum Onlineshop<\/a><\/div>\n<\/div>\n","protected":false},"excerpt":{"rendered":"<p>Stadt-Adventskalender Ein Universum hinter 24 Papiert\u00fcrchen Die kulturgeschichtlichen Adventskalender von Dresden, Berlin, Hamburg, Potsdam, Herrnhut oder Freiberg f\u00fchren in fro\u0308hlichem Kaleidoskop durch Kultur, Geschichte und Gegenwart der Sta\u0308dte. Wer Spa\u00df hat an sch\u00f6n gezeichneten Stadtdetails, kann sich an den T\u00fcrchenbildern des traditionellen Kalenders freuen. Die Kalender verbinden aber auch Handzeichnung mit digitalem Wissen. Denn wer &hellip; <a href=\"https:\/\/stadt-adventskalender.de\/en\/\" class=\"more-link\">Continue reading <span class=\"screen-reader-text\">Stadt-Adventskalender<\/span><\/a><\/p>\n","protected":false},"author":1,"featured_media":0,"parent":0,"menu_order":0,"comment_status":"closed","ping_status":"closed","template":"","meta":{"footnotes":""},"class_list":["post-7","page","type-page","status-publish","hentry"],"translation":{"provider":"WPGlobus","version":"3.0.0","language":"en","enabled_languages":["de","en"],"languages":{"de":{"title":true,"content":true,"excerpt":false},"en":{"title":false,"content":false,"excerpt":false}}},"publishpress_future_action":{"enabled":false,"date":"2026-04-26 04:13:30","action":"change-status","newStatus":"draft","terms":[],"taxonomy":"","extraData":[]},"publishpress_future_workflow_manual_trigger":{"enabledWorkflows":[]},"_links":{"self":[{"href":"https:\/\/stadt-adventskalender.de\/en\/wp-json\/wp\/v2\/pages\/7","targetHints":{"allow":["GET"]}}],"collection":[{"href":"https:\/\/stadt-adventskalender.de\/en\/wp-json\/wp\/v2\/pages"}],"about":[{"href":"https:\/\/stadt-adventskalender.de\/en\/wp-json\/wp\/v2\/types\/page"}],"author":[{"embeddable":true,"href":"https:\/\/stadt-adventskalender.de\/en\/wp-json\/wp\/v2\/users\/1"}],"replies":[{"embeddable":true,"href":"https:\/\/stadt-adventskalender.de\/en\/wp-json\/wp\/v2\/comments?post=7"}],"version-history":[{"count":56,"href":"https:\/\/stadt-adventskalender.de\/en\/wp-json\/wp\/v2\/pages\/7\/revisions"}],"predecessor-version":[{"id":364,"href":"https:\/\/stadt-adventskalender.de\/en\/wp-json\/wp\/v2\/pages\/7\/revisions\/364"}],"wp:attachment":[{"href":"https:\/\/stadt-adventskalender.de\/en\/wp-json\/wp\/v2\/media?parent=7"}],"curies":[{"name":"wp","href":"https:\/\/api.w.org\/{rel}","templated":true}]}}