{"id":51,"date":"2017-11-30T13:31:46","date_gmt":"2017-11-30T12:31:46","guid":{"rendered":"http:\/\/stadt-adventskalender.de\/?page_id=51"},"modified":"2018-03-05T19:17:44","modified_gmt":"2018-03-05T18:17:44","slug":"impressum","status":"publish","type":"page","link":"https:\/\/stadt-adventskalender.de\/en\/impressum\/","title":{"rendered":"Impressum"},"content":{"rendered":"<div class=\"entry-content\">\n<h4>Impressum<\/h4>\n<p>Astrid Lange<br \/>\ninhaltlich verantwortlich gem\u00e4\u00df \u00a7 10, Absatz 3<br \/>\nMDStV: Astrid Lange<br \/>\nFinanzamt Prenzlauer Berg \/ Friedrichshain<br \/>\nSteuer-Nr: 31\/ 411 \/ 60823<\/p>\n<p>Astrid Lange<br \/>\nPrenzlauer Allee 149<br \/>\n10409 Berlin<br \/>\nTel. 030 4471 5883<br \/>\nMobil 0179 8022 221<\/p>\n<p>Illustration: Astrid Lange<br \/>\nTexte: Astrid Lange<br \/>\nWebdesign: Astrid Lange<br \/>\nTechnische Realisierung: Astrid Lange<\/p>\n<p>Trotz sorgf\u00e4ltiger inhaltlicher Kontrolle \u00fcbernehme ich keine Haftung f\u00fcr die Inhalte externer Links.<br \/>\nF\u00fcr den Inhalt der verlinkten Seiten sind ausschlie\u00dflich deren Betreiber verantwortlich.<\/p>\n<p><strong>\u00a0<\/strong><\/p>\n<\/div>\n","protected":false},"excerpt":{"rendered":"<p>Impressum Astrid Lange inhaltlich verantwortlich gem\u00e4\u00df \u00a7 10, Absatz 3 MDStV: Astrid Lange Finanzamt Prenzlauer Berg \/ Friedrichshain Steuer-Nr: 31\/ 411 \/ 60823 Astrid Lange Prenzlauer Allee 149 10409 Berlin Tel. 030 4471 5883 Mobil 0179 8022 221 Illustration: Astrid Lange Texte: Astrid Lange Webdesign: Astrid Lange Technische Realisierung: Astrid Lange Trotz sorgf\u00e4ltiger inhaltlicher Kontrolle &hellip; <a href=\"https:\/\/stadt-adventskalender.de\/en\/impressum\/\" class=\"more-link\">Continue reading <span class=\"screen-reader-text\">Impressum<\/span><\/a><\/p>\n","protected":false},"author":1,"featured_media":0,"parent":0,"menu_order":0,"comment_status":"closed","ping_status":"closed","template":"","meta":{"footnotes":""},"class_list":["post-51","page","type-page","status-publish","hentry"],"translation":{"provider":"WPGlobus","version":"3.0.0","language":"en","enabled_languages":["de","en"],"languages":{"de":{"title":true,"content":true,"excerpt":false},"en":{"title":false,"content":false,"excerpt":false}}},"publishpress_future_action":{"enabled":false,"date":"2026-04-26 05:36:46","action":"change-status","newStatus":"draft","terms":[],"taxonomy":"","extraData":[]},"publishpress_future_workflow_manual_trigger":{"enabledWorkflows":[]},"_links":{"self":[{"href":"https:\/\/stadt-adventskalender.de\/en\/wp-json\/wp\/v2\/pages\/51","targetHints":{"allow":["GET"]}}],"collection":[{"href":"https:\/\/stadt-adventskalender.de\/en\/wp-json\/wp\/v2\/pages"}],"about":[{"href":"https:\/\/stadt-adventskalender.de\/en\/wp-json\/wp\/v2\/types\/page"}],"author":[{"embeddable":true,"href":"https:\/\/stadt-adventskalender.de\/en\/wp-json\/wp\/v2\/users\/1"}],"replies":[{"embeddable":true,"href":"https:\/\/stadt-adventskalender.de\/en\/wp-json\/wp\/v2\/comments?post=51"}],"version-history":[{"count":4,"href":"https:\/\/stadt-adventskalender.de\/en\/wp-json\/wp\/v2\/pages\/51\/revisions"}],"predecessor-version":[{"id":75,"href":"https:\/\/stadt-adventskalender.de\/en\/wp-json\/wp\/v2\/pages\/51\/revisions\/75"}],"wp:attachment":[{"href":"https:\/\/stadt-adventskalender.de\/en\/wp-json\/wp\/v2\/media?parent=51"}],"curies":[{"name":"wp","href":"https:\/\/api.w.org\/{rel}","templated":true}]}}